{"id":694,"date":"2018-03-08T00:35:05","date_gmt":"2018-03-08T00:35:05","guid":{"rendered":"http:\/\/www.ruudvandenberk.nl\/disclaimer\/"},"modified":"2018-03-23T14:12:24","modified_gmt":"2018-03-23T14:12:24","slug":"haftungsausschluss","status":"publish","type":"page","link":"https:\/\/www.ruudvandenberk.nl\/de\/haftungsausschluss\/","title":{"rendered":"Haftungsausschluss"},"content":{"rendered":"<p><strong>Nutzung der Website www.ruudvandenberk.nl<\/strong><\/p>\n<p>Die Informationen auf dieser Website dienen nur der allgemeinen Information. Aus den Informationen auf dieser Website k\u00f6nnen keine Rechte abgeleitet werden. Obwohl Ruudvandenberk bei der Erstellung und Pflege dieser Website sowie bei der Verwendung von Quellen, die als zuverl\u00e4ssig angesehen werden, sorgf\u00e4ltig vorgeht, k\u00f6nnen wir f\u00fcr die Richtigkeit, Vollst\u00e4ndigkeit und Aktualit\u00e4t der bereitgestellten Informationen keine Gew\u00e4hr \u00fcbernehmen. ruudvandenberk garantiert nicht, dass die Website fehlerfrei oder ununterbrochen oder frei von Viren funktioniert. ruudvandenberk lehnt ausdr\u00fccklich jede Haftung f\u00fcr die Richtigkeit, Vollst\u00e4ndigkeit, Aktualit\u00e4t der bereitgestellten Informationen und die (ungest\u00f6rte) Nutzung dieser Website ab.<\/p>\n<p><strong>Informationen von Dritten, Produkten und Dienstleistungen<\/strong><\/p>\n<p>Auf der Website von ruudvandenberk befinden sich Links zu Webseiten Dritter, wir \u00fcbernehmen keine Haftung und Verantwortung f\u00fcr den Inhalt, die Nutzung oder die Verf\u00fcgbarkeit von Websites Dritter. Die Nutzung solcher Links erfolgt auf eigene Gefahr. Die Informationen auf solchen Websites wurden von ruudvandenberk nicht auf ihre Richtigkeit, Angemessenheit, Aktualit\u00e4t oder Vollst\u00e4ndigkeit \u00fcberpr\u00fcft.<\/p>\n<p><strong>Verwenden Sie Informationen<\/strong><\/p>\n<p>Alle Rechte an geistigem Eigentum und andere Rechte bez\u00fcglich aller auf oder \u00fcber diese Website angebotenen Informationen (einschlie\u00dflich aller Texte, Grafiken und Logos) liegen bei ruudvandenberk und Mediaversa. Es ist nicht gestattet, Informationen auf dieser Website ohne vorherige schriftliche Genehmigung von ruudvandenberk zu kopieren, herunterzuladen oder in irgendeiner Weise zu ver\u00f6ffentlichen, zu verbreiten oder zu reproduzieren. Sie d\u00fcrfen Informationen auf dieser Website f\u00fcr Ihren pers\u00f6nlichen Gebrauch ausdrucken und \/ oder herunterladen.<\/p>\n<p><strong>\u00c4nderungen<\/strong><\/p>\n<p>Wir haben das Recht, die angebotenen Informationen, einschlie\u00dflich dieses Haftungsausschlusses, jederzeit ohne weitere Ank\u00fcndigung zu \u00e4ndern. Es empfiehlt sich, regelm\u00e4\u00dfig zu pr\u00fcfen, ob die auf oder \u00fcber diese Website angebotenen Informationen einschlie\u00dflich dieses Haftungsausschlusses ge\u00e4ndert wurden.<\/p>\n<p><strong>Anwendbares Recht<\/strong><\/p>\n<p>F\u00fcr diese Website und den Haftungsausschluss gilt das niederl\u00e4ndische Recht. Alle Streitigkeiten, die sich aus oder im Zusammenhang mit diesem Haftungsausschluss ergeben, werden nur dem zust\u00e4ndigen Gericht innerhalb des Bezirks ruudvandenberk vorgelegt.<\/p>\n","protected":false},"excerpt":{"rendered":"<p>Nutzung der Website www.ruudvandenberk.nl Die Informationen auf dieser Website dienen nur der allgemeinen Information. Aus [&hellip;]<\/p>\n","protected":false},"author":7,"featured_media":0,"parent":0,"menu_order":0,"comment_status":"closed","ping_status":"closed","template":"","meta":{"_acf_changed":false,"_monsterinsights_skip_tracking":false,"_monsterinsights_sitenote_active":false,"_monsterinsights_sitenote_note":"","_monsterinsights_sitenote_category":0,"footnotes":""},"class_list":["post-694","page","type-page","status-publish","hentry"],"acf":[],"_links":{"self":[{"href":"https:\/\/www.ruudvandenberk.nl\/de\/wp-json\/wp\/v2\/pages\/694","targetHints":{"allow":["GET"]}}],"collection":[{"href":"https:\/\/www.ruudvandenberk.nl\/de\/wp-json\/wp\/v2\/pages"}],"about":[{"href":"https:\/\/www.ruudvandenberk.nl\/de\/wp-json\/wp\/v2\/types\/page"}],"author":[{"embeddable":true,"href":"https:\/\/www.ruudvandenberk.nl\/de\/wp-json\/wp\/v2\/users\/7"}],"replies":[{"embeddable":true,"href":"https:\/\/www.ruudvandenberk.nl\/de\/wp-json\/wp\/v2\/comments?post=694"}],"version-history":[{"count":3,"href":"https:\/\/www.ruudvandenberk.nl\/de\/wp-json\/wp\/v2\/pages\/694\/revisions"}],"predecessor-version":[{"id":714,"href":"https:\/\/www.ruudvandenberk.nl\/de\/wp-json\/wp\/v2\/pages\/694\/revisions\/714"}],"wp:attachment":[{"href":"https:\/\/www.ruudvandenberk.nl\/de\/wp-json\/wp\/v2\/media?parent=694"}],"curies":[{"name":"wp","href":"https:\/\/api.w.org\/{rel}","templated":true}]}}